{"id":741,"date":"2019-03-13T15:25:08","date_gmt":"2019-03-13T14:25:08","guid":{"rendered":"https:\/\/www.gerwi.de\/?page_id=741"},"modified":"2023-08-10T12:54:24","modified_gmt":"2023-08-10T10:54:24","slug":"impressum","status":"publish","type":"page","link":"https:\/\/www.gerwi.de\/?page_id=741","title":{"rendered":"Impressum"},"content":{"rendered":"<p><strong>Anschrift:<\/strong><\/p>\n<p>Gerwi oHG<br \/>\nL\u00fchringhof 6<br \/>\n44137 Dortmund, Deutschland<\/p>\n<p>Gesch\u00e4ftsf\u00fchrer: Gerhard R\u00fcschenbeck, Wilhelm R\u00fcschenbeck<br \/>\nTelefon: 0231 &#8211; 91 53 01<br \/>\nFax: 0231 &#8211; 91 53 200<br \/>\nEmail: info@gerwi.de<\/p>\n<p><strong>Handelsregister:<\/strong><\/p>\n<p>Amtsgericht Dortmund HRA 16140<br \/>\nSteuernummer: 314\/5764\/0072<br \/>\nUSt.-ID-Nr.: DE 248 290 205<\/p>\n","protected":false},"excerpt":{"rendered":"<p>Anschrift: Gerwi oHG L\u00fchringhof 6 44137 Dortmund, Deutschland Gesch\u00e4ftsf\u00fchrer: Gerhard R\u00fcschenbeck, Wilhelm R\u00fcschenbeck Telefon: 0231 &#8211; 91 53 01 Fax: 0231 &#8211; 91 53 200 Email: info@gerwi.de Handelsregister: Amtsgericht Dortmund HRA 16140 Steuernummer: 314\/5764\/0072 USt.-ID-Nr.: DE 248 290 205<\/p>\n","protected":false},"author":1,"featured_media":0,"parent":0,"menu_order":0,"comment_status":"closed","ping_status":"closed","template":"","meta":{"neve_meta_sidebar":"","neve_meta_container":"","neve_meta_enable_content_width":"off","neve_meta_content_width":70,"neve_meta_title_alignment":"","neve_meta_author_avatar":"","neve_post_elements_order":"","neve_meta_disable_header":"","neve_meta_disable_footer":"","neve_meta_disable_title":"","footnotes":""},"_links":{"self":[{"href":"https:\/\/www.gerwi.de\/index.php?rest_route=\/wp\/v2\/pages\/741"}],"collection":[{"href":"https:\/\/www.gerwi.de\/index.php?rest_route=\/wp\/v2\/pages"}],"about":[{"href":"https:\/\/www.gerwi.de\/index.php?rest_route=\/wp\/v2\/types\/page"}],"author":[{"embeddable":true,"href":"https:\/\/www.gerwi.de\/index.php?rest_route=\/wp\/v2\/users\/1"}],"replies":[{"embeddable":true,"href":"https:\/\/www.gerwi.de\/index.php?rest_route=%2Fwp%2Fv2%2Fcomments&post=741"}],"version-history":[{"count":3,"href":"https:\/\/www.gerwi.de\/index.php?rest_route=\/wp\/v2\/pages\/741\/revisions"}],"predecessor-version":[{"id":1113,"href":"https:\/\/www.gerwi.de\/index.php?rest_route=\/wp\/v2\/pages\/741\/revisions\/1113"}],"wp:attachment":[{"href":"https:\/\/www.gerwi.de\/index.php?rest_route=%2Fwp%2Fv2%2Fmedia&parent=741"}],"curies":[{"name":"wp","href":"https:\/\/api.w.org\/{rel}","templated":true}]}}